{"id":24,"date":"2023-07-15T16:33:36","date_gmt":"2023-07-15T14:33:36","guid":{"rendered":"https:\/\/frauengemeinschaft-orscholz.de\/?page_id=24"},"modified":"2025-02-02T10:18:32","modified_gmt":"2025-02-02T09:18:32","slug":"frauengemeinschaft-orscholz","status":"publish","type":"page","link":"https:\/\/frauengemeinschaft-orscholz.de\/","title":{"rendered":"Startseite"},"content":{"rendered":"\r\n<figure class=\"wp-block-table\">\r\n<table>\r\n<tbody>\r\n<tr>\r\n<td><br \/><div class=\"ditty ditty--pre\" data-id=\"145\" data-uniqid=\"ditty-69ee4e9e4fab2\"><\/div><\/td>\r\n<\/tr>\r\n<\/tbody>\r\n<\/table>\r\n<\/figure>\r\n\r\n\r\n<div class=\"wp-block-image\">\r\n<figure class=\"aligncenter\"><img loading=\"lazy\" decoding=\"async\" width=\"300\" height=\"300\" class=\"wp-image-55\" src=\"https:\/\/frauengemeinschaft-orscholz.de\/wp-content\/uploads\/2023\/07\/cropped-Elisabeth-ICON-300x300.jpg\" alt=\"\" srcset=\"https:\/\/frauengemeinschaft-orscholz.de\/wp-content\/uploads\/2023\/07\/cropped-Elisabeth-ICON-300x300.jpg 300w, https:\/\/frauengemeinschaft-orscholz.de\/wp-content\/uploads\/2023\/07\/cropped-Elisabeth-ICON-150x150.jpg 150w, https:\/\/frauengemeinschaft-orscholz.de\/wp-content\/uploads\/2023\/07\/cropped-Elisabeth-ICON-270x270.jpg 270w, https:\/\/frauengemeinschaft-orscholz.de\/wp-content\/uploads\/2023\/07\/cropped-Elisabeth-ICON-192x192.jpg 192w, https:\/\/frauengemeinschaft-orscholz.de\/wp-content\/uploads\/2023\/07\/cropped-Elisabeth-ICON-180x180.jpg 180w, https:\/\/frauengemeinschaft-orscholz.de\/wp-content\/uploads\/2023\/07\/cropped-Elisabeth-ICON-32x32.jpg 32w, https:\/\/frauengemeinschaft-orscholz.de\/wp-content\/uploads\/2023\/07\/cropped-Elisabeth-ICON.jpg 512w\" sizes=\"auto, (max-width: 300px) 100vw, 300px\" \/><\/figure>\r\n<\/div>\r\n\r\n\r\n<p><strong><em>Herzlich Willkommen auf der Webseite der<\/em><\/strong><\/p>\r\n\r\n\r\n\r\n<p><strong><em>katholischen Frauengemeinschaft St. Elisabeth Orscholz<\/em><\/strong><\/p>\r\n\r\n\r\n\r\n<p>Wir w\u00fcnschen allen ein gesegnetes Weihnachtsfest und ein Gutes 2025 !<\/p>\r\n\r\n\r\n\r\n<p>Der Vorstand der Frauengemeinschaft !<\/p>\r\n\r\n\r\n\r\n<p><strong>Weihnachten gefunden<\/strong><br \/><br \/>Worte die ins Nichts verschwinden,<br \/>Worte die man nicht geh\u00f6rt<br \/>werden pl\u00f6tzlich wieder deutlich,<br \/>werden nicht durch Furcht zerst\u00f6rt.<br \/><br \/>Augen, die sonst blind vor Leiden<br \/>sehen endlich wieder hell.<br \/>M\u00fcnder, die sonst still, voll Schweigen<br \/>sprechen wieder laut und schnell.<br \/><br \/>Ohren, die sonst nichts mehr h\u00f6ren<br \/>\u00f6ffnen sich dem neuen Wort,<br \/>weil der Heiland kommt hernieder<br \/>hier zu uns an diesem Ort.<br \/><br \/>All das Dunkle, all das Graue<br \/>wird nun hell und leuchtet klar,<br \/>weil die Sehnsucht in den Herzen<br \/>reif f\u00fcr diese Botschaft war.<br \/><br \/>Weihnacht nennt man diese Tage<br \/>wo die Seele Frieden tr\u00e4gt,<br \/>weil der Herzton aller Menschen<br \/>\u00f6fter miteinander schl\u00e4gt.<br \/><br \/>*********************************************************<\/p>\r\n\r\n\r\n\r\n<p><strong>Andacht am alten Friedhof, R\u00fcckblick:\u00a0\u00a0\u00a0\u00a0\u00a0\u00a0\u00a0<\/strong><\/p>\r\n\r\n\r\n\r\n<p>Am Sonntag, den 2. Juli 2023 luden wir zu einer Andacht am alten Friedhof ein.<\/p>\r\n\r\n\r\n\r\n<p>Vielen Dank an dieser Stelle an<\/p>\r\n\r\n\r\n\r\n<p>Pfarrerin Andrea Zarpentin, Pater Shaibin und<\/p>\r\n\r\n\r\n\r\n<p>Marion B\u00f6llecke f\u00fcr die musikalische Begleitung!<\/p>\r\n\r\n\r\n\r\n<p>Es war eine sehr sch\u00f6ne Andacht mit einem sehr sch\u00f6nen Ausklang !<\/p>\r\n\r\n\r\n\r\n<figure class=\"wp-block-image size-full\"><img loading=\"lazy\" decoding=\"async\" width=\"1024\" height=\"768\" class=\"wp-image-75\" src=\"https:\/\/frauengemeinschaft-orscholz.de\/wp-content\/uploads\/2023\/07\/AndachtGruppe1.jpg\" alt=\"\" srcset=\"https:\/\/frauengemeinschaft-orscholz.de\/wp-content\/uploads\/2023\/07\/AndachtGruppe1.jpg 1024w, https:\/\/frauengemeinschaft-orscholz.de\/wp-content\/uploads\/2023\/07\/AndachtGruppe1-300x225.jpg 300w, https:\/\/frauengemeinschaft-orscholz.de\/wp-content\/uploads\/2023\/07\/AndachtGruppe1-768x576.jpg 768w\" sizes=\"auto, (max-width: 1024px) 100vw, 1024px\" \/><\/figure>\r\n\r\n\r\n\r\n<figure class=\"wp-block-image size-full\"><img loading=\"lazy\" decoding=\"async\" width=\"768\" height=\"1024\" class=\"wp-image-77\" src=\"https:\/\/frauengemeinschaft-orscholz.de\/wp-content\/uploads\/2023\/07\/AndachtSegen.jpg\" alt=\"\" srcset=\"https:\/\/frauengemeinschaft-orscholz.de\/wp-content\/uploads\/2023\/07\/AndachtSegen.jpg 768w, https:\/\/frauengemeinschaft-orscholz.de\/wp-content\/uploads\/2023\/07\/AndachtSegen-225x300.jpg 225w\" sizes=\"auto, (max-width: 768px) 100vw, 768px\" \/><\/figure>\r\n\r\n\r\n\r\n<figure class=\"wp-block-image size-full\"><img loading=\"lazy\" decoding=\"async\" width=\"768\" height=\"1024\" class=\"wp-image-78\" src=\"https:\/\/frauengemeinschaft-orscholz.de\/wp-content\/uploads\/2023\/07\/MarionB.jpg\" alt=\"\" srcset=\"https:\/\/frauengemeinschaft-orscholz.de\/wp-content\/uploads\/2023\/07\/MarionB.jpg 768w, https:\/\/frauengemeinschaft-orscholz.de\/wp-content\/uploads\/2023\/07\/MarionB-225x300.jpg 225w\" sizes=\"auto, (max-width: 768px) 100vw, 768px\" \/><\/figure>\r\n\r\n\r\n\r\n<figure class=\"wp-block-image size-full\"><img loading=\"lazy\" decoding=\"async\" width=\"1024\" height=\"768\" class=\"wp-image-74\" src=\"https:\/\/frauengemeinschaft-orscholz.de\/wp-content\/uploads\/2023\/07\/AndachtGrupp2.jpg\" alt=\"\" srcset=\"https:\/\/frauengemeinschaft-orscholz.de\/wp-content\/uploads\/2023\/07\/AndachtGrupp2.jpg 1024w, https:\/\/frauengemeinschaft-orscholz.de\/wp-content\/uploads\/2023\/07\/AndachtGrupp2-300x225.jpg 300w, https:\/\/frauengemeinschaft-orscholz.de\/wp-content\/uploads\/2023\/07\/AndachtGrupp2-768x576.jpg 768w\" sizes=\"auto, (max-width: 1024px) 100vw, 1024px\" \/><\/figure>\r\n\r\n\r\n\r\n<figure class=\"wp-block-image size-full\"><img loading=\"lazy\" decoding=\"async\" width=\"1024\" height=\"576\" class=\"wp-image-79\" src=\"https:\/\/frauengemeinschaft-orscholz.de\/wp-content\/uploads\/2023\/07\/Kirchplatz.jpg\" alt=\"\" srcset=\"https:\/\/frauengemeinschaft-orscholz.de\/wp-content\/uploads\/2023\/07\/Kirchplatz.jpg 1024w, https:\/\/frauengemeinschaft-orscholz.de\/wp-content\/uploads\/2023\/07\/Kirchplatz-300x169.jpg 300w, https:\/\/frauengemeinschaft-orscholz.de\/wp-content\/uploads\/2023\/07\/Kirchplatz-768x432.jpg 768w\" sizes=\"auto, (max-width: 1024px) 100vw, 1024px\" \/><\/figure>\r\n\r\n\r\n\r\n<p>Wer die Infos der Frauengemeinschaft \u00fcber Email erhalten m\u00f6chte, bitte eine Nachricht an:<\/p>\r\n\r\n\r\n\r\n<p>M.Wagner@Follmann-Orscholz.de<\/p>\r\n","protected":false},"excerpt":{"rendered":"<p>Herzlich Willkommen auf der Webseite der katholischen Frauengemeinschaft St. Elisabeth Orscholz Wir w\u00fcnschen allen ein gesegnetes Weihnachtsfest und ein Gutes 2025 ! Der Vorstand der Frauengemeinschaft ! Weihnachten gefunden Worte die ins Nichts verschwinden,Worte die man nicht geh\u00f6rtwerden pl\u00f6tzlich wieder deutlich,werden nicht durch Furcht zerst\u00f6rt. Augen, die sonst blind vor Leidensehen endlich wieder hell.M\u00fcnder, die [&hellip;]<\/p>\n","protected":false},"author":2,"featured_media":0,"parent":0,"menu_order":0,"comment_status":"open","ping_status":"closed","template":"templates\/template-full-width.php","meta":{"wikipediapreview_detectlinks":true,"footnotes":""},"class_list":["post-24","page","type-page","status-publish","hentry"],"_links":{"self":[{"href":"https:\/\/frauengemeinschaft-orscholz.de\/index.php?rest_route=\/wp\/v2\/pages\/24","targetHints":{"allow":["GET"]}}],"collection":[{"href":"https:\/\/frauengemeinschaft-orscholz.de\/index.php?rest_route=\/wp\/v2\/pages"}],"about":[{"href":"https:\/\/frauengemeinschaft-orscholz.de\/index.php?rest_route=\/wp\/v2\/types\/page"}],"author":[{"embeddable":true,"href":"https:\/\/frauengemeinschaft-orscholz.de\/index.php?rest_route=\/wp\/v2\/users\/2"}],"replies":[{"embeddable":true,"href":"https:\/\/frauengemeinschaft-orscholz.de\/index.php?rest_route=%2Fwp%2Fv2%2Fcomments&post=24"}],"version-history":[{"count":3,"href":"https:\/\/frauengemeinschaft-orscholz.de\/index.php?rest_route=\/wp\/v2\/pages\/24\/revisions"}],"predecessor-version":[{"id":219,"href":"https:\/\/frauengemeinschaft-orscholz.de\/index.php?rest_route=\/wp\/v2\/pages\/24\/revisions\/219"}],"wp:attachment":[{"href":"https:\/\/frauengemeinschaft-orscholz.de\/index.php?rest_route=%2Fwp%2Fv2%2Fmedia&parent=24"}],"curies":[{"name":"wp","href":"https:\/\/api.w.org\/{rel}","templated":true}]}}